{"id":8553,"date":"2019-04-20T23:56:04","date_gmt":"2019-04-20T22:56:04","guid":{"rendered":"https:\/\/mffnovo.motovunfilmfestival.com\/mff-2018\/"},"modified":"2019-04-20T23:56:05","modified_gmt":"2019-04-20T22:56:05","slug":"mff-2018","status":"publish","type":"page","link":"https:\/\/cinehill.eu\/en\/mff-2018\/","title":{"rendered":"MFF-2018"},"content":{"rendered":"\t\t<div data-elementor-type=\"wp-post\" data-elementor-id=\"8553\" class=\"elementor elementor-8553 elementor-7544\" data-elementor-post-type=\"page\">\n\t\t\t\t\t\t<section class=\"elementor-section elementor-top-section elementor-element elementor-element-7704a70e elementor-section-content-middle elementor-section-full_width elementor-section-height-default elementor-section-height-default\" data-id=\"7704a70e\" data-element_type=\"section\" data-e-type=\"section\">\n\t\t\t\t\t\t<div class=\"elementor-container elementor-column-gap-no\">\n\t\t\t\t\t<div class=\"elementor-column elementor-col-100 elementor-top-column elementor-element elementor-element-35c9ac84\" data-id=\"35c9ac84\" data-element_type=\"column\" data-e-type=\"column\">\n\t\t\t<div class=\"elementor-widget-wrap elementor-element-populated\">\n\t\t\t\t\t\t<div class=\"elementor-element elementor-element-b1c2667 elementor-widget elementor-widget-heading\" data-id=\"b1c2667\" data-element_type=\"widget\" data-e-type=\"widget\" data-widget_type=\"heading.default\">\n\t\t\t\t<div class=\"elementor-widget-container\">\n\t\t\t\t\t<h2 class=\"elementor-heading-title elementor-size-default\">MFF - 2018.<\/h2>\t\t\t\t<\/div>\n\t\t\t\t<\/div>\n\t\t\t\t<div class=\"elementor-element elementor-element-1648ecc3 elementor-widget elementor-widget-heading\" data-id=\"1648ecc3\" data-element_type=\"widget\" data-e-type=\"widget\" data-widget_type=\"heading.default\">\n\t\t\t\t<div class=\"elementor-widget-container\">\n\t\t\t\t\t<h5 class=\"elementor-heading-title elementor-size-default\">21st Motovun Film Festival - Program<\/h5>\t\t\t\t<\/div>\n\t\t\t\t<\/div>\n\t\t\t\t\t<\/div>\n\t\t<\/div>\n\t\t\t\t\t<\/div>\n\t\t<\/section>\n\t\t\t\t<section class=\"elementor-section elementor-top-section elementor-element elementor-element-5f852cd elementor-section-full_width elementor-section-height-default elementor-section-height-default\" data-id=\"5f852cd\" data-element_type=\"section\" data-e-type=\"section\">\n\t\t\t\t\t\t<div class=\"elementor-container elementor-column-gap-no\">\n\t\t\t\t\t<div class=\"elementor-column elementor-col-100 elementor-top-column elementor-element elementor-element-e95f617\" data-id=\"e95f617\" data-element_type=\"column\" data-e-type=\"column\">\n\t\t\t<div class=\"elementor-widget-wrap elementor-element-populated\">\n\t\t\t\t\t\t<div class=\"elementor-element elementor-element-da9cc02 elementor-widget elementor-widget-jet-blog-smart-tiles\" data-id=\"da9cc02\" data-element_type=\"widget\" data-e-type=\"widget\" data-widget_type=\"jet-blog-smart-tiles.default\">\n\t\t\t\t<div class=\"elementor-widget-container\">\n\t\t\t\t\t<div class=\"elementor-jet-blog-smart-tiles jet-blog\"><div class=\"jet-smart-tiles-wrap\" data-slider-atts='{\"adaptiveHeight\":true,\"arrows\":false,\"prevArrow\":\"<i class=\\\"jet-arrow-prev jet-blog-arrow\\\"><svg width=\\\"24\\\" height=\\\"24\\\" viewBox=\\\"0 0 24 24\\\" fill=\\\"none\\\" xmlns=\\\"http:\\\/\\\/www.w3.org\\\/2000\\\/svg\\\"><path d=\\\"M14.625 5.3999L16.3 7.0749L11.35 12.0249L16.3 16.9749L14.625 18.6499L7.99999 12.0249L14.625 5.3999Z\\\" fill=\\\"#0F172A\\\"\\\/><\\\/svg><\\\/i>\",\"nextArrow\":\"<i class=\\\"jet-arrow-next jet-blog-arrow\\\"><svg width=\\\"24\\\" height=\\\"24\\\" viewBox=\\\"0 0 24 24\\\" fill=\\\"none\\\" xmlns=\\\"http:\\\/\\\/www.w3.org\\\/2000\\\/svg\\\"><path d=\\\"M9.37501 18.6001L7.70001 16.9251L12.65 11.9751L7.70001 7.0251L9.37501 5.3501L16 11.9751L9.37501 18.6001Z\\\" fill=\\\"#0F172A\\\"\\\/><\\\/svg><\\\/i>\",\"autoplay\":false,\"autoplaySpeed\":5000,\"rtl\":false}' dir=\"ltr\"><div class=\"jet-smart-tiles-slide\"><div class=\"jet-smart-tiles-slide__wrap layout-1-2-2\" ><div class=\"jet-smart-tiles\">\n\t<div class=\"jet-smart-tiles__box\" style=\"background-image:url('https:\/\/cinehill.eu\/wp-content\/uploads\/2019\/02\/23d8b831e978592348a850822e61ff27.jpg')\">\n\t\t<div class=\"jet-smart-tiles__terms\"><a href=\"https:\/\/cinehill.eu\/en\/kategorija\/news\/mff-2018-en\/\" class=\"jet-smart-tiles__terms-link jet-smart-tiles__terms-link--48\">MFF-2018<\/a><\/div>\t\t<div class=\"jet-smart-tiles__box-content\">\n\t\t\t<div class=\"jet-smart-tiles__box-content-inner\">\n\t\t\t\t\t\t\t\t\t\t\t\t<div class=\"jet-smart-tiles__box-title\">It&#8217;s Official Now &#8211; Ruben \u00d6stlund is Motovun Maverick!<\/div>\t\t\t\t\t\t\t\t\t\t\t\t<div class=\"jet-smart-tiles__box-excerpt\">Swedish filmmaker wins third Motovun award in a row<\/div>\t\t\t\t\t\t\t<\/div>\n\t\t<\/div>\n\t\t<a href=\"https:\/\/cinehill.eu\/en\/its-official-now-ruben-ostlund-is-motovun-maverick\/\" class=\"jet-smart-tiles__box-link\" aria-label=\"It&#8217;s Official Now &#8211; Ruben \u00d6stlund is Motovun Maverick!\"><\/a>\n\t<\/div>\n<\/div><div class=\"jet-smart-tiles\">\n\t<div class=\"jet-smart-tiles__box\" style=\"background-image:url('https:\/\/cinehill.eu\/wp-content\/uploads\/2019\/02\/eec1c9e366e8394bdc0ccf75059e5658.jpg')\">\n\t\t<div class=\"jet-smart-tiles__terms\"><a href=\"https:\/\/cinehill.eu\/en\/kategorija\/news\/mff-2018-en\/\" class=\"jet-smart-tiles__terms-link jet-smart-tiles__terms-link--48\">MFF-2018<\/a><\/div>\t\t<div class=\"jet-smart-tiles__box-content\">\n\t\t\t<div class=\"jet-smart-tiles__box-content-inner\">\n\t\t\t\t\t\t\t\t\t\t\t\t<div class=\"jet-smart-tiles__box-title\">The High Noonish with Ruben \u00d6stlund!<\/div>\t\t\t\t\t\t\t\t\t\t\t\t<div class=\"jet-smart-tiles__box-excerpt\">The High Noonish session features a conversation withRuben&Ouml;stlund, this year&#39;s...<\/div>\t\t\t\t\t\t\t<\/div>\n\t\t<\/div>\n\t\t<a href=\"https:\/\/cinehill.eu\/en\/the-high-noonish-with-ruben-ostlund\/\" class=\"jet-smart-tiles__box-link\" aria-label=\"The High Noonish with Ruben \u00d6stlund!\"><\/a>\n\t<\/div>\n<\/div><div class=\"jet-smart-tiles\">\n\t<div class=\"jet-smart-tiles__box\" style=\"background-image:url('https:\/\/cinehill.eu\/wp-content\/uploads\/2019\/02\/1198f4bbfa37466b50dde631802c2489.jpg')\">\n\t\t<div class=\"jet-smart-tiles__terms\"><a href=\"https:\/\/cinehill.eu\/en\/kategorija\/news\/mff-2018-en\/\" class=\"jet-smart-tiles__terms-link jet-smart-tiles__terms-link--48\">MFF-2018<\/a><\/div>\t\t<div class=\"jet-smart-tiles__box-content\">\n\t\t\t<div class=\"jet-smart-tiles__box-content-inner\">\n\t\t\t\t\t\t\t\t\t\t\t\t<div class=\"jet-smart-tiles__box-title\">Motovun Square will turn into a huge dancing floor<\/div>\t\t\t\t\t\t\t\t\t\t\t\t<div class=\"jet-smart-tiles__box-excerpt\">One of the most respected and well-known European DJ&#8217;s Ian...<\/div>\t\t\t\t\t\t\t<\/div>\n\t\t<\/div>\n\t\t<a href=\"https:\/\/cinehill.eu\/en\/motovun-square-will-turn-into-a-huge-dancing-floor\/\" class=\"jet-smart-tiles__box-link\" aria-label=\"Motovun Square will turn into a huge dancing floor\"><\/a>\n\t<\/div>\n<\/div><div class=\"jet-smart-tiles\">\n\t<div class=\"jet-smart-tiles__box\" style=\"background-image:url('https:\/\/cinehill.eu\/wp-content\/uploads\/2019\/02\/5bb0513334f0c9c290ae8d3b4109c74a.jpg')\">\n\t\t<div class=\"jet-smart-tiles__terms\"><a href=\"https:\/\/cinehill.eu\/en\/kategorija\/news\/mff-2018-en\/\" class=\"jet-smart-tiles__terms-link jet-smart-tiles__terms-link--48\">MFF-2018<\/a><\/div>\t\t<div class=\"jet-smart-tiles__box-content\">\n\t\t\t<div class=\"jet-smart-tiles__box-content-inner\">\n\t\t\t\t\t\t\t\t\t\t\t\t<div class=\"jet-smart-tiles__box-title\">Human Behavior as a Basis of Human Labor<\/div>\t\t\t\t\t\t\t\t\t\t\t\t<div class=\"jet-smart-tiles__box-excerpt\">In analyzing society, Ruben \u00d6stlund uses a behavioristic approach. He...<\/div>\t\t\t\t\t\t\t<\/div>\n\t\t<\/div>\n\t\t<a href=\"https:\/\/cinehill.eu\/en\/human-behavior-as-a-basis-of-human-labor\/\" class=\"jet-smart-tiles__box-link\" aria-label=\"Human Behavior as a Basis of Human Labor\"><\/a>\n\t<\/div>\n<\/div><div class=\"jet-smart-tiles\">\n\t<div class=\"jet-smart-tiles__box\" style=\"background-image:url('https:\/\/cinehill.eu\/wp-content\/uploads\/2019\/02\/9c019f6e99070ff6558fd08814c0a841.jpg')\">\n\t\t<div class=\"jet-smart-tiles__terms\"><a href=\"https:\/\/cinehill.eu\/en\/kategorija\/news\/mff-2018-en\/\" class=\"jet-smart-tiles__terms-link jet-smart-tiles__terms-link--48\">MFF-2018<\/a><\/div>\t\t<div class=\"jet-smart-tiles__box-content\">\n\t\t\t<div class=\"jet-smart-tiles__box-content-inner\">\n\t\t\t\t\t\t\t\t\t\t\t\t<div class=\"jet-smart-tiles__box-title\">The 21st edition of the Motovun film festival closes with the award ceremony<\/div>\t\t\t\t\t\t\t\t\t\t\t\t<div class=\"jet-smart-tiles__box-excerpt\">After having presented more than a hundred independent films from...<\/div>\t\t\t\t\t\t\t<\/div>\n\t\t<\/div>\n\t\t<a href=\"https:\/\/cinehill.eu\/en\/the-21st-edition-of-the-motovun-film-festival-closes-with-the-award-ceremony\/\" class=\"jet-smart-tiles__box-link\" aria-label=\"The 21st edition of the Motovun film festival closes with the award ceremony\"><\/a>\n\t<\/div>\n<\/div><\/div><\/div><\/div><\/div>\t\t\t\t<\/div>\n\t\t\t\t<\/div>\n\t\t\t\t\t<\/div>\n\t\t<\/div>\n\t\t\t\t\t<\/div>\n\t\t<\/section>\n\t\t\t\t<section class=\"elementor-section elementor-top-section elementor-element elementor-element-3b3d617 elementor-section-boxed elementor-section-height-default elementor-section-height-default\" data-id=\"3b3d617\" data-element_type=\"section\" data-e-type=\"section\">\n\t\t\t\t\t\t<div class=\"elementor-container elementor-column-gap-default\">\n\t\t\t\t\t<div class=\"elementor-column elementor-col-100 elementor-top-column elementor-element elementor-element-7d8edd5\" data-id=\"7d8edd5\" data-element_type=\"column\" data-e-type=\"column\">\n\t\t\t<div class=\"elementor-widget-wrap elementor-element-populated\">\n\t\t\t\t\t\t<div class=\"elementor-element elementor-element-7901af0 elementor-headline--style-highlight elementor-widget elementor-widget-animated-headline\" data-id=\"7901af0\" data-element_type=\"widget\" data-e-type=\"widget\" data-settings=\"{&quot;highlighted_text&quot;:&quot;Main&quot;,&quot;headline_style&quot;:&quot;highlight&quot;,&quot;marker&quot;:&quot;circle&quot;,&quot;loop&quot;:&quot;yes&quot;,&quot;highlight_animation_duration&quot;:1200,&quot;highlight_iteration_delay&quot;:8000}\" data-widget_type=\"animated-headline.default\">\n\t\t\t\t<div class=\"elementor-widget-container\">\n\t\t\t\t\t\t\t<h3 class=\"elementor-headline\">\n\t\t\t\t<span class=\"elementor-headline-dynamic-wrapper elementor-headline-text-wrapper\">\n\t\t\t\t\t<span class=\"elementor-headline-dynamic-text elementor-headline-text-active\">Main<\/span>\n\t\t\t\t<\/span>\n\t\t\t\t\t<span class=\"elementor-headline-plain-text elementor-headline-text-wrapper\">program<\/span>\n\t\t\t\t\t<\/h3>\n\t\t\t\t\t\t<\/div>\n\t\t\t\t<\/div>\n\t\t\t\t<div class=\"elementor-element elementor-element-39eae4b elementor-widget-divider--view-line elementor-widget elementor-widget-divider\" data-id=\"39eae4b\" data-element_type=\"widget\" data-e-type=\"widget\" data-widget_type=\"divider.default\">\n\t\t\t\t<div class=\"elementor-widget-container\">\n\t\t\t\t\t\t\t<div class=\"elementor-divider\">\n\t\t\t<span class=\"elementor-divider-separator\">\n\t\t\t\t\t\t<\/span>\n\t\t<\/div>\n\t\t\t\t\t\t<\/div>\n\t\t\t\t<\/div>\n\t\t\t\t\t<\/div>\n\t\t<\/div>\n\t\t\t\t\t<\/div>\n\t\t<\/section>\n\t\t\t\t<section class=\"elementor-section elementor-top-section elementor-element elementor-element-4461a3e elementor-section-full_width elementor-section-height-default elementor-section-height-default\" data-id=\"4461a3e\" data-element_type=\"section\" data-e-type=\"section\">\n\t\t\t\t\t\t<div class=\"elementor-container elementor-column-gap-wider\">\n\t\t\t\t\t<div class=\"elementor-column elementor-col-100 elementor-top-column elementor-element elementor-element-2d58a99\" data-id=\"2d58a99\" data-element_type=\"column\" data-e-type=\"column\">\n\t\t\t<div class=\"elementor-widget-wrap elementor-element-populated\">\n\t\t\t\t\t\t<div class=\"elementor-element elementor-element-fb761d4 elementor-align-center elementor-widget elementor-widget-button\" data-id=\"fb761d4\" data-element_type=\"widget\" data-e-type=\"widget\" data-widget_type=\"button.default\">\n\t\t\t\t<div class=\"elementor-widget-container\">\n\t\t\t\t\t\t\t\t\t<div class=\"elementor-button-wrapper\">\n\t\t\t\t\t<a class=\"elementor-button elementor-button-link elementor-size-sm\" href=\"\/?kategorije_filmova=mff-2018\">\n\t\t\t\t\t\t<span class=\"elementor-button-content-wrapper\">\n\t\t\t\t\t\t\t\t\t<span class=\"elementor-button-text\">Show all &gt;&gt;<\/span>\n\t\t\t\t\t<\/span>\n\t\t\t\t\t<\/a>\n\t\t\t\t<\/div>\n\t\t\t\t\t\t\t\t<\/div>\n\t\t\t\t<\/div>\n\t\t\t\t\t<\/div>\n\t\t<\/div>\n\t\t\t\t\t<\/div>\n\t\t<\/section>\n\t\t\t\t<section class=\"elementor-section elementor-top-section elementor-element elementor-element-f8d1227 elementor-section-boxed elementor-section-height-default elementor-section-height-default\" data-id=\"f8d1227\" data-element_type=\"section\" data-e-type=\"section\">\n\t\t\t\t\t\t<div class=\"elementor-container elementor-column-gap-default\">\n\t\t\t\t\t<div class=\"elementor-column elementor-col-100 elementor-top-column elementor-element elementor-element-44e3a77\" data-id=\"44e3a77\" data-element_type=\"column\" data-e-type=\"column\">\n\t\t\t<div class=\"elementor-widget-wrap elementor-element-populated\">\n\t\t\t\t\t\t<div class=\"elementor-element elementor-element-86a8b4f elementor-headline--style-highlight elementor-widget elementor-widget-animated-headline\" data-id=\"86a8b4f\" data-element_type=\"widget\" data-e-type=\"widget\" data-settings=\"{&quot;highlighted_text&quot;:&quot;Short&quot;,&quot;headline_style&quot;:&quot;highlight&quot;,&quot;marker&quot;:&quot;circle&quot;,&quot;loop&quot;:&quot;yes&quot;,&quot;highlight_animation_duration&quot;:1200,&quot;highlight_iteration_delay&quot;:8000}\" data-widget_type=\"animated-headline.default\">\n\t\t\t\t<div class=\"elementor-widget-container\">\n\t\t\t\t\t\t\t<h3 class=\"elementor-headline\">\n\t\t\t\t\t<span class=\"elementor-headline-plain-text elementor-headline-text-wrapper\">Motovun<\/span>\n\t\t\t\t<span class=\"elementor-headline-dynamic-wrapper elementor-headline-text-wrapper\">\n\t\t\t\t\t<span class=\"elementor-headline-dynamic-text elementor-headline-text-active\">Short<\/span>\n\t\t\t\t<\/span>\n\t\t\t\t<\/h3>\n\t\t\t\t\t\t<\/div>\n\t\t\t\t<\/div>\n\t\t\t\t<div class=\"elementor-element elementor-element-78e92b7 elementor-widget-divider--view-line elementor-widget elementor-widget-divider\" data-id=\"78e92b7\" data-element_type=\"widget\" data-e-type=\"widget\" data-widget_type=\"divider.default\">\n\t\t\t\t<div class=\"elementor-widget-container\">\n\t\t\t\t\t\t\t<div class=\"elementor-divider\">\n\t\t\t<span class=\"elementor-divider-separator\">\n\t\t\t\t\t\t<\/span>\n\t\t<\/div>\n\t\t\t\t\t\t<\/div>\n\t\t\t\t<\/div>\n\t\t\t\t\t<\/div>\n\t\t<\/div>\n\t\t\t\t\t<\/div>\n\t\t<\/section>\n\t\t\t\t<section class=\"elementor-section elementor-top-section elementor-element elementor-element-bd1c9a5 elementor-section-full_width elementor-section-height-default elementor-section-height-default\" data-id=\"bd1c9a5\" data-element_type=\"section\" data-e-type=\"section\">\n\t\t\t\t\t\t<div class=\"elementor-container elementor-column-gap-wider\">\n\t\t\t\t\t<div class=\"elementor-column elementor-col-100 elementor-top-column elementor-element elementor-element-be20db6\" data-id=\"be20db6\" data-element_type=\"column\" data-e-type=\"column\">\n\t\t\t<div class=\"elementor-widget-wrap elementor-element-populated\">\n\t\t\t\t\t\t<div class=\"elementor-element elementor-element-710ce4d elementor-align-center elementor-widget elementor-widget-button\" data-id=\"710ce4d\" data-element_type=\"widget\" data-e-type=\"widget\" data-widget_type=\"button.default\">\n\t\t\t\t<div class=\"elementor-widget-container\">\n\t\t\t\t\t\t\t\t\t<div class=\"elementor-button-wrapper\">\n\t\t\t\t\t<a class=\"elementor-button elementor-button-link elementor-size-sm\" href=\"\/?kategorije_filmova=kratki\">\n\t\t\t\t\t\t<span class=\"elementor-button-content-wrapper\">\n\t\t\t\t\t\t\t\t\t<span class=\"elementor-button-text\">Show all &gt;&gt;<\/span>\n\t\t\t\t\t<\/span>\n\t\t\t\t\t<\/a>\n\t\t\t\t<\/div>\n\t\t\t\t\t\t\t\t<\/div>\n\t\t\t\t<\/div>\n\t\t\t\t\t<\/div>\n\t\t<\/div>\n\t\t\t\t\t<\/div>\n\t\t<\/section>\n\t\t\t\t<\/div>\n\t\t","protected":false},"excerpt":{"rendered":"<p>MFF &#8211; 2018. 21st Motovun Film Festival &#8211; Program < \/i>&#8220;,&#8221;nextArrow&#8221;:&#8221;< \/i>&#8220;,&#8221;autoplay&#8221;:false,&#8221;autoplaySpeed&#8221;:5000,&#8221;rtl&#8221;:false}&#8217; dir=&#8221;ltr&#8221;> MFF-2018. MOTOVUN SE SKRIVA U DUBROVNIKU Prvi puta na samom jugu, predstavljamo najbolji ovogodi\u0161nji film i&#8230; MFF-2018. Ruben \u00d6stlund: Inspirira me YouTube Motovunski Maverick osvojio nas je na razgovoru Neto\u010dno u podne MFF-2018. Dodjelom nagrada i zdravicom zavr\u0161en 21. MFF Najbolji film [&hellip;]<\/p>\n","protected":false},"author":1,"featured_media":0,"parent":0,"menu_order":0,"comment_status":"closed","ping_status":"closed","template":"elementor_header_footer","meta":{"_acf_changed":false,"_monsterinsights_skip_tracking":false,"_monsterinsights_sitenote_active":false,"_monsterinsights_sitenote_note":"","_monsterinsights_sitenote_category":0,"_view_id":"","footnotes":""},"class_list":["post-8553","page","type-page","status-publish","hentry"],"acf":[],"yoast_head":"<!-- This site is optimized with the Yoast SEO plugin v26.9 - https:\/\/yoast.com\/product\/yoast-seo-wordpress\/ -->\n<title>MFF-2018 - Cinehill Film Festival<\/title>\n<meta name=\"robots\" content=\"index, follow, max-snippet:-1, max-image-preview:large, max-video-preview:-1\" \/>\n<link rel=\"canonical\" href=\"https:\/\/cinehill.eu\/en\/mff-2018\/\" \/>\n<meta property=\"og:locale\" content=\"en_US\" \/>\n<meta property=\"og:type\" content=\"article\" \/>\n<meta property=\"og:title\" content=\"MFF-2018 - Cinehill Film Festival\" \/>\n<meta property=\"og:description\" content=\"MFF &#8211; 2018. 21st Motovun Film Festival &#8211; Program &lt; \/i&gt;&#8220;,&#8221;nextArrow&#8221;:&#8221;&lt; \/i&gt;&#8220;,&#8221;autoplay&#8221;:false,&#8221;autoplaySpeed&#8221;:5000,&#8221;rtl&#8221;:false}&#8217; dir=&#8221;ltr&#8221;&gt; MFF-2018. MOTOVUN SE SKRIVA U DUBROVNIKU Prvi puta na samom jugu, predstavljamo najbolji ovogodi\u0161nji film i&#8230; MFF-2018. Ruben \u00d6stlund: Inspirira me YouTube Motovunski Maverick osvojio nas je na razgovoru Neto\u010dno u podne MFF-2018. Dodjelom nagrada i zdravicom zavr\u0161en 21. MFF Najbolji film [&hellip;]\" \/>\n<meta property=\"og:url\" content=\"https:\/\/cinehill.eu\/en\/mff-2018\/\" \/>\n<meta property=\"og:site_name\" content=\"Cinehill Film Festival\" \/>\n<meta property=\"article:publisher\" content=\"https:\/\/www.facebook.com\/MotovunFilmFestival\/\" \/>\n<meta property=\"article:modified_time\" content=\"2019-04-20T22:56:05+00:00\" \/>\n<meta property=\"og:image\" content=\"https:\/\/cinehill.eu\/wp-content\/uploads\/2024\/06\/cinehill-2024.png\" \/>\n\t<meta property=\"og:image:width\" content=\"804\" \/>\n\t<meta property=\"og:image:height\" content=\"443\" \/>\n\t<meta property=\"og:image:type\" content=\"image\/png\" \/>\n<meta name=\"twitter:card\" content=\"summary_large_image\" \/>\n<meta name=\"twitter:label1\" content=\"Est. reading time\" \/>\n\t<meta name=\"twitter:data1\" content=\"1 minute\" \/>\n<script type=\"application\/ld+json\" class=\"yoast-schema-graph\">{\"@context\":\"https:\/\/schema.org\",\"@graph\":[{\"@type\":\"WebPage\",\"@id\":\"https:\/\/cinehill.eu\/en\/mff-2018\/\",\"url\":\"https:\/\/cinehill.eu\/en\/mff-2018\/\",\"name\":\"MFF-2018 - Cinehill Film Festival\",\"isPartOf\":{\"@id\":\"https:\/\/cinehill.eu\/en\/#website\"},\"datePublished\":\"2019-04-20T22:56:04+00:00\",\"dateModified\":\"2019-04-20T22:56:05+00:00\",\"breadcrumb\":{\"@id\":\"https:\/\/cinehill.eu\/en\/mff-2018\/#breadcrumb\"},\"inLanguage\":\"en-US\",\"potentialAction\":[{\"@type\":\"ReadAction\",\"target\":[\"https:\/\/cinehill.eu\/en\/mff-2018\/\"]}]},{\"@type\":\"BreadcrumbList\",\"@id\":\"https:\/\/cinehill.eu\/en\/mff-2018\/#breadcrumb\",\"itemListElement\":[{\"@type\":\"ListItem\",\"position\":1,\"name\":\"Po\u010detna stranica\",\"item\":\"https:\/\/cinehill.eu\/en\/\"},{\"@type\":\"ListItem\",\"position\":2,\"name\":\"MFF-2018\"}]},{\"@type\":\"WebSite\",\"@id\":\"https:\/\/cinehill.eu\/en\/#website\",\"url\":\"https:\/\/cinehill.eu\/en\/\",\"name\":\"Cinehill Film Festival\",\"description\":\"Cinehill je festival s du\u0161om!\",\"publisher\":{\"@id\":\"https:\/\/cinehill.eu\/en\/#organization\"},\"potentialAction\":[{\"@type\":\"SearchAction\",\"target\":{\"@type\":\"EntryPoint\",\"urlTemplate\":\"https:\/\/cinehill.eu\/en\/?s={search_term_string}\"},\"query-input\":{\"@type\":\"PropertyValueSpecification\",\"valueRequired\":true,\"valueName\":\"search_term_string\"}}],\"inLanguage\":\"en-US\"},{\"@type\":\"Organization\",\"@id\":\"https:\/\/cinehill.eu\/en\/#organization\",\"name\":\"Motovun film festival\",\"url\":\"https:\/\/cinehill.eu\/en\/\",\"logo\":{\"@type\":\"ImageObject\",\"inLanguage\":\"en-US\",\"@id\":\"https:\/\/cinehill.eu\/en\/#\/schema\/logo\/image\/\",\"url\":\"https:\/\/cinehill.eu\/wp-content\/uploads\/2019\/07\/znak-mff.png\",\"contentUrl\":\"https:\/\/cinehill.eu\/wp-content\/uploads\/2019\/07\/znak-mff.png\",\"width\":163,\"height\":164,\"caption\":\"Motovun film festival\"},\"image\":{\"@id\":\"https:\/\/cinehill.eu\/en\/#\/schema\/logo\/image\/\"},\"sameAs\":[\"https:\/\/www.facebook.com\/MotovunFilmFestival\/\"]}]}<\/script>\n<!-- \/ Yoast SEO plugin. -->","yoast_head_json":{"title":"MFF-2018 - Cinehill Film Festival","robots":{"index":"index","follow":"follow","max-snippet":"max-snippet:-1","max-image-preview":"max-image-preview:large","max-video-preview":"max-video-preview:-1"},"canonical":"https:\/\/cinehill.eu\/en\/mff-2018\/","og_locale":"en_US","og_type":"article","og_title":"MFF-2018 - Cinehill Film Festival","og_description":"MFF &#8211; 2018. 21st Motovun Film Festival &#8211; Program < \/i>&#8220;,&#8221;nextArrow&#8221;:&#8221;< \/i>&#8220;,&#8221;autoplay&#8221;:false,&#8221;autoplaySpeed&#8221;:5000,&#8221;rtl&#8221;:false}&#8217; dir=&#8221;ltr&#8221;> MFF-2018. MOTOVUN SE SKRIVA U DUBROVNIKU Prvi puta na samom jugu, predstavljamo najbolji ovogodi\u0161nji film i&#8230; MFF-2018. Ruben \u00d6stlund: Inspirira me YouTube Motovunski Maverick osvojio nas je na razgovoru Neto\u010dno u podne MFF-2018. Dodjelom nagrada i zdravicom zavr\u0161en 21. MFF Najbolji film [&hellip;]","og_url":"https:\/\/cinehill.eu\/en\/mff-2018\/","og_site_name":"Cinehill Film Festival","article_publisher":"https:\/\/www.facebook.com\/MotovunFilmFestival\/","article_modified_time":"2019-04-20T22:56:05+00:00","og_image":[{"width":804,"height":443,"url":"https:\/\/cinehill.eu\/wp-content\/uploads\/2024\/06\/cinehill-2024.png","type":"image\/png"}],"twitter_card":"summary_large_image","twitter_misc":{"Est. reading time":"1 minute"},"schema":{"@context":"https:\/\/schema.org","@graph":[{"@type":"WebPage","@id":"https:\/\/cinehill.eu\/en\/mff-2018\/","url":"https:\/\/cinehill.eu\/en\/mff-2018\/","name":"MFF-2018 - Cinehill Film Festival","isPartOf":{"@id":"https:\/\/cinehill.eu\/en\/#website"},"datePublished":"2019-04-20T22:56:04+00:00","dateModified":"2019-04-20T22:56:05+00:00","breadcrumb":{"@id":"https:\/\/cinehill.eu\/en\/mff-2018\/#breadcrumb"},"inLanguage":"en-US","potentialAction":[{"@type":"ReadAction","target":["https:\/\/cinehill.eu\/en\/mff-2018\/"]}]},{"@type":"BreadcrumbList","@id":"https:\/\/cinehill.eu\/en\/mff-2018\/#breadcrumb","itemListElement":[{"@type":"ListItem","position":1,"name":"Po\u010detna stranica","item":"https:\/\/cinehill.eu\/en\/"},{"@type":"ListItem","position":2,"name":"MFF-2018"}]},{"@type":"WebSite","@id":"https:\/\/cinehill.eu\/en\/#website","url":"https:\/\/cinehill.eu\/en\/","name":"Cinehill Film Festival","description":"Cinehill je festival s du\u0161om!","publisher":{"@id":"https:\/\/cinehill.eu\/en\/#organization"},"potentialAction":[{"@type":"SearchAction","target":{"@type":"EntryPoint","urlTemplate":"https:\/\/cinehill.eu\/en\/?s={search_term_string}"},"query-input":{"@type":"PropertyValueSpecification","valueRequired":true,"valueName":"search_term_string"}}],"inLanguage":"en-US"},{"@type":"Organization","@id":"https:\/\/cinehill.eu\/en\/#organization","name":"Motovun film festival","url":"https:\/\/cinehill.eu\/en\/","logo":{"@type":"ImageObject","inLanguage":"en-US","@id":"https:\/\/cinehill.eu\/en\/#\/schema\/logo\/image\/","url":"https:\/\/cinehill.eu\/wp-content\/uploads\/2019\/07\/znak-mff.png","contentUrl":"https:\/\/cinehill.eu\/wp-content\/uploads\/2019\/07\/znak-mff.png","width":163,"height":164,"caption":"Motovun film festival"},"image":{"@id":"https:\/\/cinehill.eu\/en\/#\/schema\/logo\/image\/"},"sameAs":["https:\/\/www.facebook.com\/MotovunFilmFestival\/"]}]}},"_links":{"self":[{"href":"https:\/\/cinehill.eu\/en\/wp-json\/wp\/v2\/pages\/8553","targetHints":{"allow":["GET"]}}],"collection":[{"href":"https:\/\/cinehill.eu\/en\/wp-json\/wp\/v2\/pages"}],"about":[{"href":"https:\/\/cinehill.eu\/en\/wp-json\/wp\/v2\/types\/page"}],"author":[{"embeddable":true,"href":"https:\/\/cinehill.eu\/en\/wp-json\/wp\/v2\/users\/1"}],"replies":[{"embeddable":true,"href":"https:\/\/cinehill.eu\/en\/wp-json\/wp\/v2\/comments?post=8553"}],"version-history":[{"count":1,"href":"https:\/\/cinehill.eu\/en\/wp-json\/wp\/v2\/pages\/8553\/revisions"}],"predecessor-version":[{"id":8554,"href":"https:\/\/cinehill.eu\/en\/wp-json\/wp\/v2\/pages\/8553\/revisions\/8554"}],"wp:attachment":[{"href":"https:\/\/cinehill.eu\/en\/wp-json\/wp\/v2\/media?parent=8553"}],"curies":[{"name":"wp","href":"https:\/\/api.w.org\/{rel}","templated":true}]}}